{"id":2675,"date":"2026-04-11T20:06:16","date_gmt":"2026-04-12T01:06:16","guid":{"rendered":"https:\/\/tractocar.com\/cobertura-nacional-tractocar-en-7-ciudades-de-colombia\/"},"modified":"2026-04-11T21:04:27","modified_gmt":"2026-04-12T02:04:27","slug":"cobertura-nacional","status":"publish","type":"page","link":"https:\/\/tractocar.com\/us\/cobertura-nacional\/","title":{"rendered":"Cobertura Nacional | Tractocar Logistics"},"content":{"rendered":"<style>.elementor-2675 .elementor-element.elementor-element-3bc64550{--display:flex;}<\/style>\t\t<div data-elementor-type=\"wp-page\" data-elementor-id=\"2675\" class=\"elementor elementor-2675\" data-elementor-post-type=\"page\">\n\t\t\t\t<div class=\"elementor-element elementor-element-3bc64550 e-flex e-con-boxed e-con e-parent\" data-id=\"3bc64550\" data-element_type=\"container\">\n\t\t\t\t\t<div class=\"e-con-inner\">\n\t\t\t\t<div class=\"elementor-element elementor-element-47df0235 elementor-widget elementor-widget-text-editor\" data-id=\"47df0235\" data-element_type=\"widget\" data-widget_type=\"text-editor.default\">\n\t\t\t\t\t\t\t\t\t<style> @import url('https:\/\/fonts.googleapis.com\/css2?family=Barlow+Condensed:wght@700;900&family=Barlow:wght@400;500;600&display=swap'); .tcl*{box-sizing:border-box;margin:0;padding:0} .tcl{font-family:'Barlow',sans-serif;color:#1a1a1a;background:#fff} \/* HERO *\/ .tcl-hero{ position:relative;min-height:540px; display:flex;flex-direction:column;align-items:center;justify-content:center; text-align:center;padding:80px 24px 64px;background:#0d0d0d;overflow:hidden; } .tcl-hero-bg{ position:absolute;inset:0; background:url('https:\/\/tractocar.com\/wp-content\/uploads\/2025\/11\/fondo-principal-001-scaled.jpg') center\/cover no-repeat; opacity:.15; } .tcl-hero-fade{ position:absolute;inset:0; background:linear-gradient(to bottom,#0d0d0d 0%,rgba(13,13,13,.55) 50%,#0d0d0d 100%); } .tcl-oracle-badge{ position:relative;z-index:2; display:inline-flex;align-items:center;gap:9px; border:1px solid rgba(220,83,0,.45);background:rgba(220,83,0,.1); padding:9px 20px;margin-bottom:26px; } .tcl-badge-dot{ width:8px;height:8px;border-radius:50%;background:#DC5300; animation:blink 2s ease infinite; } @keyframes blink{0%,100%{box-shadow:0 0 0 3px rgba(220,83,0,.3)}50%{box-shadow:0 0 0 7px rgba(220,83,0,.08)}} .tcl-oracle-badge span{font-family:'Barlow Condensed',sans-serif;font-size:13px;font-weight:700;letter-spacing:3px;text-transform:uppercase;color:#DC5300} .tcl-hero h1{ position:relative;z-index:2; font-family:'Barlow Condensed',sans-serif; font-size:clamp(54px,9vw,100px);font-weight:900;line-height:.9; text-transform:uppercase;letter-spacing:-2px;color:#fff;margin-bottom:10px; } .tcl-hero h1 .ac{color:#DC5300} .tcl-hero h1 .or{-webkit-text-stroke:2px #DC5300;color:transparent} .tcl-hero p{ position:relative;z-index:2; font-size:17px;color:#999;max-width:520px;margin:18px auto 34px;line-height:1.65; } .tcl-hero p strong{color:#ddd} .tcl-btn{ position:relative;z-index:2; display:inline-block;background:#DC5300;color:#fff;text-decoration:none; font-family:'Barlow Condensed',sans-serif;font-size:15px;font-weight:700; letter-spacing:2.5px;text-transform:uppercase;padding:15px 38px; clip-path:polygon(10px 0%,100% 0%,calc(100% - 10px) 100%,0% 100%); transition:background .2s; } .tcl-btn:hover{background:#FF9600} \/* ORACLE STRIP *\/ .tcl-strip{ background:#DC5300;padding:26px 24px; display:flex;align-items:center;justify-content:center;gap:24px;flex-wrap:wrap; } .tcl-strip-txt{ font-family:'Barlow Condensed',sans-serif;font-size:clamp(18px,3vw,26px); font-weight:900;text-transform:uppercase;color:#fff; } .tcl-strip-txt em{font-style:normal;background:#fff;color:#DC5300;padding:1px 8px} .tcl-pills{display:flex;flex-wrap:wrap;gap:7px} .tcl-pill{font-size:11px;font-weight:700;letter-spacing:1px;text-transform:uppercase;background:rgba(255,255,255,.15);color:#fff;border:1px solid rgba(255,255,255,.3);padding:5px 12px} \/* STATS *\/ .tcl-stats{background:#1a1a1a;display:grid;grid-template-columns:repeat(4,1fr)} .tcl-stat{padding:28px 16px;text-align:center;border-right:1px solid rgba(255,255,255,.07)} .tcl-stat:last-child{border-right:none} .tcl-stat-n{font-family:'Barlow Condensed',sans-serif;font-size:42px;font-weight:900;color:#DC5300;line-height:1;display:block} .tcl-stat-l{font-size:11px;letter-spacing:2px;text-transform:uppercase;color:#555;font-weight:600;margin-top:5px;display:block} \/* COBERTURA 2-col *\/ .tcl-cob-sec{background:#f5f5f5;padding:80px 24px} .tcl-cob-inner{max-width:960px;margin:0 auto;display:grid;grid-template-columns:1fr 1fr;gap:56px;align-items:center} .tcl-tag{font-size:11px;letter-spacing:4px;text-transform:uppercase;font-weight:700;color:#DC5300;margin-bottom:12px;display:block} .tcl-cob-sec h2{font-family:'Barlow Condensed',sans-serif;font-size:clamp(30px,4vw,48px);font-weight:900;text-transform:uppercase;letter-spacing:-1px;color:#0d0d0d;line-height:1;margin-bottom:16px} .tcl-cob-sec p{font-size:15px;color:#555;line-height:1.7;margin-bottom:12px} .tcl-list{list-style:none;margin-top:18px} .tcl-list li{display:flex;align-items:center;gap:12px;font-size:14px;font-weight:600;color:#333;padding:9px 0;border-bottom:1px solid #e0e0e0} .tcl-list li::before{content:'';flex-shrink:0;width:18px;height:3px;background:#DC5300} .tcl-photo{background:url('https:\/\/tractocar.com\/wp-content\/uploads\/2026\/04\/tc-logistix-1.jpg') center\/cover no-repeat;min-height:360px} \/* SERVICIOS *\/ .tcl-svc-sec{background:#fff;padding:72px 24px} .tcl-svc-sec h2{font-family:'Barlow Condensed',sans-serif;font-size:clamp(30px,4vw,46px);font-weight:900;text-transform:uppercase;letter-spacing:-1px;text-align:center;color:#0d0d0d;margin-bottom:6px} .tcl-svc-sub{text-align:center;color:#888;font-size:15px;margin-bottom:44px} .tcl-svc-grid{max-width:960px;margin:0 auto;display:grid;grid-template-columns:repeat(auto-fit,minmax(200px,1fr));gap:2px;background:#eee} .tcl-svc{background:#fff;padding:28px 22px;border-top:3px solid transparent;transition:border-color .25s,transform .25s} .tcl-svc:hover{border-top-color:#DC5300;transform:translateY(-4px)} \/* ICON as colored box \u2014 no emojis *\/ .tcl-ico{ width:40px;height:40px;margin-bottom:14px; background:#DC5300;display:flex;align-items:center;justify-content:center; clip-path:polygon(6px 0%,100% 0%,calc(100% - 6px) 100%,0% 100%); } .tcl-ico svg{width:20px;height:20px;fill:#fff} .tcl-svc-name{font-family:'Barlow Condensed',sans-serif;font-size:19px;font-weight:900;text-transform:uppercase;color:#0d0d0d;margin-bottom:7px} .tcl-svc p{font-size:13px;color:#777;line-height:1.6} \/* BODEGAS *\/ .tcl-bod{background:#0d0d0d} .tcl-bod-inner{display:grid;grid-template-columns:1fr 1fr} .tcl-bod-photo{background:url('https:\/\/tractocar.com\/wp-content\/uploads\/2026\/04\/bodega-tractocar-18.20.12.jpg') center\/cover no-repeat;min-height:420px} .tcl-bod-content{padding:60px 48px;display:flex;flex-direction:column;justify-content:center} .tcl-bod-content h2{font-family:'Barlow Condensed',sans-serif;font-size:clamp(26px,3vw,40px);font-weight:900;text-transform:uppercase;color:#fff;letter-spacing:-1px;margin-bottom:10px} .tcl-bod-content .sub{color:#555;font-size:14px;margin-bottom:28px;line-height:1.65} .tcl-chips{display:flex;flex-wrap:wrap;gap:10px;margin-bottom:30px} .tcl-chip{ font-family:'Barlow Condensed',sans-serif; font-size:15px;font-weight:700;text-transform:uppercase;letter-spacing:1px; color:#fff;background:transparent; border:1px solid rgba(220,83,0,.5);padding:9px 18px; display:flex;align-items:center;gap:8px; transition:background .2s,border-color .2s; } .tcl-chip:hover{background:#DC5300;border-color:#DC5300} .tcl-chip-dot{width:6px;height:6px;border-radius:50%;background:#DC5300;flex-shrink:0} \/* FLEET PHOTO STRIP *\/ .tcl-fleet{ position:relative;height:360px; background:url('https:\/\/tractocar.com\/wp-content\/uploads\/2026\/04\/tc-logistix-5.jpg') center 40%\/cover no-repeat; } .tcl-fleet-ov{ position:absolute;inset:0; background:linear-gradient(90deg,rgba(13,13,13,.88) 0%,rgba(13,13,13,.4) 55%,transparent 100%); display:flex;align-items:center;padding:0 56px; } .tcl-fleet-txt h2{font-family:'Barlow Condensed',sans-serif;font-size:clamp(28px,4vw,50px);font-weight:900;text-transform:uppercase;color:#fff;letter-spacing:-1px;line-height:1;margin-bottom:12px} .tcl-fleet-txt h2 span{color:#DC5300} .tcl-fleet-txt p{font-size:14px;color:#aaa;margin-bottom:20px;max-width:380px;line-height:1.6} \/* CTA *\/ .tcl-cta{background:#DC5300;padding:64px 24px;text-align:center;position:relative;overflow:hidden} .tcl-cta::before{content:'ORACLE';position:absolute;right:-10px;top:50%;transform:translateY(-50%);font-family:'Barlow Condensed',sans-serif;font-size:160px;font-weight:900;color:rgba(0,0,0,.08);line-height:1;pointer-events:none;white-space:nowrap} .tcl-cta h2{font-family:'Barlow Condensed',sans-serif;font-size:clamp(28px,5vw,54px);font-weight:900;text-transform:uppercase;color:#fff;letter-spacing:-1px;margin-bottom:10px;position:relative} .tcl-cta p{font-size:16px;color:rgba(255,255,255,.75);margin-bottom:26px;position:relative} .tcl-btn-w{position:relative;display:inline-block;background:#fff;color:#DC5300;text-decoration:none;font-family:'Barlow Condensed',sans-serif;font-size:15px;font-weight:700;letter-spacing:2.5px;text-transform:uppercase;padding:15px 38px;clip-path:polygon(10px 0%,100% 0%,calc(100% - 10px) 100%,0% 100%);transition:background .2s,color .2s} .tcl-btn-w:hover{background:#0d0d0d;color:#fff} @media(max-width:700px){ .tcl-stats{grid-template-columns:repeat(2,1fr)} .tcl-cob-inner{grid-template-columns:1fr} .tcl-photo{min-height:220px} .tcl-bod-inner{grid-template-columns:1fr} .tcl-bod-photo{min-height:240px} .tcl-fleet{height:280px} .tcl-fleet-ov{padding:0 24px} } <\/style><div class=\"tcl\"><div class=\"tcl-hero\"><div class=\"tcl-hero-bg\"><\/div><div class=\"tcl-hero-fade\"><\/div><div class=\"tcl-oracle-badge\"><span class=\"tcl-badge-dot\"><\/span><span>Powered by Oracle NetSuite<\/span><\/div><h1>Todo<br><span class=\"ac\">Colombia<\/span><br><span class=\"or\">con Oracle<\/span><\/h1><p>Transportamos, almacenamos y distribuimos en <strong>todo el territorio nacional<\/strong> con trazabilidad en tiempo real gracias a tecnolog\u00eda Oracle.<\/p><a href=\"\/us\/cotizar\/\" class=\"tcl-btn\">Cotizar cobertura<\/a><\/div><div class=\"tcl-strip\"><div class=\"tcl-strip-txt\">Visibilidad <em>100%<\/em> en tiempo real<\/div><div class=\"tcl-pills\"><span class=\"tcl-pill\">WMS Oracle<\/span><span class=\"tcl-pill\">Rastreo GPS<\/span><span class=\"tcl-pill\">Inventario en vivo<\/span><span class=\"tcl-pill\">Reportes autom\u00e1ticos<\/span><span class=\"tcl-pill\">Prize Colfecar 2023<\/span><\/div><\/div><div class=\"tcl-stats\"><div class=\"tcl-stat\"><span class=\"tcl-stat-n\">100%<\/span><span class=\"tcl-stat-l\">Cobertura Colombia<\/span><\/div><div class=\"tcl-stat\"><span class=\"tcl-stat-n\">7<\/span><span class=\"tcl-stat-l\">Bodegas propias<\/span><\/div><div class=\"tcl-stat\"><span class=\"tcl-stat-n\">52.000<\/span><span class=\"tcl-stat-l\">m\u00b2 almacenamiento<\/span><\/div><div class=\"tcl-stat\"><span class=\"tcl-stat-n\">+20<\/span><span class=\"tcl-stat-l\">A\u00f1os de experiencia<\/span><\/div><\/div><div class=\"tcl-cob-sec\"><div class=\"tcl-cob-inner\"><div><span class=\"tcl-tag\">Alcance nacional<\/span><h2>Llegamos donde<br>tu negocio opera<\/h2><p>Flota certificada cubriendo todos los corredores viales \u2014 desde grandes ciudades hasta municipios remotos de la Orinoqu\u00eda, Costa Pac\u00edfica y el interior del pa\u00eds.<\/p><p>Puerto mar\u00edtimo, zona franca o la puerta de tu cliente final. Tractocar llega.<\/p><ul class=\"tcl-list\"><li>Regi\u00f3n Andina \u2014 todas las capitales y municipios<\/li><li>Costa Atl\u00e1ntica y Caribe<\/li><li>Costa Pac\u00edfica y corredor Buenaventura<\/li><li>Orinoqu\u00eda y Llanos Orientales<\/li><li>Zonas Francas y puertos mar\u00edtimos<\/li><li>Rutas internacionales COMEX<\/li><\/ul><\/div><div class=\"tcl-photo\"><\/div><\/div><\/div><div class=\"tcl-svc-sec\"><h2>Un servicio para cada necesidad<\/h2><p class=\"tcl-svc-sub\">Todos con trazabilidad Oracle \u00b7 Todos con cobertura nacional<\/p><div class=\"tcl-svc-grid\"><div class=\"tcl-svc\"><div class=\"tcl-ico\"><svg viewbox=\"0 0 24 24\"><path d=\"M20 8h-3V4H3c-1.1 0-2 .9-2 2v11h2c0 1.66 1.34 3 3 3s3-1.34 3-3h6c0 1.66 1.34 3 3 3s3-1.34 3-3h2v-5l-3-4zM6 18.5c-.83 0-1.5-.67-1.5-1.5s.67-1.5 1.5-1.5 1.5.67 1.5 1.5-.67 1.5-1.5 1.5zm13.5-9l1.96 2.5H17V9.5h2.5zm-1.5 9c-.83 0-1.5-.67-1.5-1.5s.67-1.5 1.5-1.5 1.5.67 1.5 1.5-.67 1.5-1.5 1.5z\"\/><\/svg><\/div><div class=\"tcl-svc-name\">Carga masiva<\/div><p>Tracto-camiones para vol\u00famenes grandes con rastreo en tiempo real a nivel nacional.<\/p><\/div><div class=\"tcl-svc\"><div class=\"tcl-ico\"><svg viewbox=\"0 0 24 24\"><path d=\"M19 6H5a2 2 0 00-2 2v8a2 2 0 002 2h14a2 2 0 002-2V8a2 2 0 00-2-2zm-9 8H7v-2h3v2zm6-2h-5V10h5v2z\"\/><\/svg><\/div><div class=\"tcl-svc-name\">Mercanc\u00eda liviana<\/div><p>Furgones y camionetas para entregas \u00e1giles urbanas e intermunicipales.<\/p><\/div><div class=\"tcl-svc\"><div class=\"tcl-ico\"><svg viewbox=\"0 0 24 24\"><path d=\"M20 6h-2.18c.07-.44.18-.88.18-1.33C18 2.55 15.45 1 13 1c-1.4 0-2.8.56-3.77 1.62L8 4H4c-1.1 0-2 .9-2 2v5c0 1.1.9 2 2 2h1.09c.36 1.15 1.42 2 2.66 2h8.5c1.24 0 2.3-.85 2.66-2H20c1.1 0 2-.9 2-2V8c0-1.1-.9-2-2-2zm-2 5H4V6h16v5z\"\/><\/svg><\/div><div class=\"tcl-svc-name\">\u00daltima milla<\/div><p>Distribuci\u00f3n directa al destinatario con confirmaci\u00f3n digital de entrega.<\/p><\/div><div class=\"tcl-svc\"><div class=\"tcl-ico\"><svg viewbox=\"0 0 24 24\"><path d=\"M19 3H5c-1.1 0-2 .9-2 2v14c0 1.1.9 2 2 2h14c1.1 0 2-.9 2-2V5c0-1.1-.9-2-2-2zm-7 3c1.93 0 3.5 1.57 3.5 3.5S13.93 13 12 13s-3.5-1.57-3.5-3.5S10.07 6 12 6zm7 13H5v-.23c0-.62.28-1.2.76-1.58C7.47 15.82 9.64 15 12 15s4.53.82 6.24 2.19c.48.38.76.97.76 1.58V19z\"\/><\/svg><\/div><div class=\"tcl-svc-name\">Almacenamiento<\/div><p>52.000 m\u00b2 en 7 ciudades con WMS Oracle. Sin m\u00ednimos obligatorios.<\/p><\/div><div class=\"tcl-svc\"><div class=\"tcl-ico\"><svg viewbox=\"0 0 24 24\"><path d=\"M12 2C6.48 2 2 6.48 2 12s4.48 10 10 10 10-4.48 10-10S17.52 2 12 2zm-1 17.93c-3.95-.49-7-3.85-7-7.93 0-.62.08-1.21.21-1.79L9 15v1c0 1.1.9 2 2 2v1.93zm6.9-2.54c-.26-.81-1-1.39-1.9-1.39h-1v-3c0-.55-.45-1-1-1H8v-2h2c.55 0 1-.45 1-1V7h2c1.1 0 2-.9 2-2v-.41c2.93 1.19 5 4.06 5 7.41 0 2.08-.8 3.97-2.1 5.39z\"\/><\/svg><\/div><div class=\"tcl-svc-name\">COMEX<\/div><p>Importaciones, exportaciones y log\u00edstica portuaria con tr\u00e1mites integrados.<\/p><\/div><div class=\"tcl-svc\"><div class=\"tcl-ico\"><svg viewbox=\"0 0 24 24\"><path d=\"M19.14 12.94c.04-.3.06-.61.06-.94 0-.32-.02-.64-.07-.94l2.03-1.58c.18-.14.23-.41.12-.61l-1.92-3.32c-.12-.22-.37-.29-.59-.22l-2.39.96c-.5-.38-1.03-.7-1.62-.94l-.36-2.54c-.04-.24-.24-.41-.48-.41h-3.84c-.24 0-.43.17-.47.41l-.36 2.54c-.59.24-1.13.57-1.62.94l-2.39-.96c-.22-.08-.47 0-.59.22L2.74 8.87c-.12.21-.08.47.12.61l2.03 1.58c-.05.3-.09.63-.09.94s.02.64.07.94l-2.03 1.58c-.18.14-.23.41-.12.61l1.92 3.32c.12.22.37.29.59.22l2.39-.96c.5.38 1.03.7 1.62.94l.36 2.54c.05.24.24.41.48.41h3.84c.24 0 .44-.17.47-.41l.36-2.54c.59-.24 1.13-.56 1.62-.94l2.39.96c.22.08.47 0 .59-.22l1.92-3.32c.12-.22.07-.47-.12-.61l-2.01-1.58zM12 15.6c-1.98 0-3.6-1.62-3.6-3.6s1.62-3.6 3.6-3.6 3.6 1.62 3.6 3.6-1.62 3.6-3.6 3.6z\"\/><\/svg><\/div><div class=\"tcl-svc-name\">4PL<\/div><p>Gesti\u00f3n total de tu cadena de suministro \u2014 planeamos, ejecutamos y optimizamos.<\/p><\/div><\/div><\/div><div class=\"tcl-bod\"><div class=\"tcl-bod-inner\"><div class=\"tcl-bod-photo\"><\/div><div class=\"tcl-bod-content\"><span class=\"tcl-tag\">Infraestructura propia<\/span><h2>Bodegas propias<br>en las ciudades clave<\/h2><p class=\"sub\">52.000 m\u00b2 estrat\u00e9gicamente ubicados, todos gestionados con Oracle WMS y operaci\u00f3n 24\/7.<\/p><div class=\"tcl-chips\"><div class=\"tcl-chip\"><span class=\"tcl-chip-dot\"><\/span>Bogot\u00e1<\/div><div class=\"tcl-chip\"><span class=\"tcl-chip-dot\"><\/span>Medell\u00edn<\/div><div class=\"tcl-chip\"><span class=\"tcl-chip-dot\"><\/span>Cartagena<\/div><div class=\"tcl-chip\"><span class=\"tcl-chip-dot\"><\/span>Barranquilla<\/div><div class=\"tcl-chip\"><span class=\"tcl-chip-dot\"><\/span>Cali<\/div><div class=\"tcl-chip\"><span class=\"tcl-chip-dot\"><\/span>+2 ciudades<\/div><\/div><a href=\"\/us\/cotizar\/\" class=\"tcl-btn\">Consultar disponibilidad<\/a><\/div><\/div><\/div><div class=\"tcl-fleet\"><div class=\"tcl-fleet-ov\"><div class=\"tcl-fleet-txt\"><h2>Flota certificada para<br><span>toda Colombia<\/span><\/h2><p>Tracto-camiones, furgones y veh\u00edculos especializados con rastreo GPS activo en cada ruta.<\/p><\/div><\/div><\/div><div class=\"tcl-cta\"><h2>\u00bfNecesitas log\u00edstica<br>en Colombia?<\/h2><p>Respondemos en menos de 24 horas con una propuesta a tu medida.<\/p><a href=\"\/us\/cotizar\/\" class=\"tcl-btn-w\">Cotizar ahora<\/a><\/div><\/div>\t\t\t\t\t\t\t\t<\/div>\n\t\t\t\t\t<\/div>\n\t\t\t\t<\/div>\n\t\t\t\t<\/div>","protected":false},"excerpt":{"rendered":"<p>Powered by Oracle NetSuite TodoColombiacon Oracle Transportamos, almacenamos y distribuimos en todo el territorio nacional con trazabilidad en tiempo real gracias a tecnolog\u00eda Oracle. Cotizar cobertura Visibilidad 100% en tiempo real WMS Oracle Rastreo GPS Inventario en vivo Reportes autom\u00e1ticos Premio Colfecar 2023 100%Cobertura Colombia 7Bodegas propias 52.000m\u00b2 almacenamiento +20A\u00f1os de experiencia Alcance nacional Llegamos [&hellip;]<\/p>","protected":false},"author":1,"featured_media":0,"parent":0,"menu_order":0,"comment_status":"closed","ping_status":"closed","template":"","meta":{"footnotes":""},"class_list":["post-2675","page","type-page","status-publish","hentry"],"yoast_head":"<!-- This site is optimized with the Yoast SEO plugin v26.7 - https:\/\/yoast.com\/wordpress\/plugins\/seo\/ -->\n<title>Cobertura Nacional | Tractocar en 7 Ciudades<\/title>\n<meta name=\"description\" content=\"Tractocar opera en Bogot\u00e1, Medell\u00edn, Cartagena, Barranquilla, Cali y m\u00e1s. Bodegas propias, flota certificada y cobertura de transporte en todo Colombia.\" \/>\n<meta name=\"robots\" content=\"index, follow, max-snippet:-1, max-image-preview:large, max-video-preview:-1\" \/>\n<link rel=\"canonical\" href=\"https:\/\/tractocar.com\/us\/cobertura-nacional\/\" \/>\n<meta property=\"og:locale\" content=\"en_US\" \/>\n<meta property=\"og:type\" content=\"article\" \/>\n<meta property=\"og:title\" content=\"Cobertura Nacional | TracToCar Logistics en 7 Ciudades\" \/>\n<meta property=\"og:description\" content=\"TracToCar opera en Bogot\u00e1, Medell\u00edn, Cartagena, Barranquilla, Cali y m\u00e1s. Bodegas propias, flota certificada y cobertura de transporte en todo Colombia.\" \/>\n<meta property=\"og:url\" content=\"https:\/\/tractocar.com\/us\/cobertura-nacional\/\" \/>\n<meta property=\"og:site_name\" content=\"Tc Logistix\" \/>\n<meta property=\"article:publisher\" content=\"https:\/\/www.facebook.com\/TractocarLogistics\" \/>\n<meta property=\"article:modified_time\" content=\"2026-04-12T02:04:27+00:00\" \/>\n<meta property=\"og:image\" content=\"https:\/\/tractocar.com\/wp-content\/uploads\/2026\/04\/tc-logistix-1.jpg\" \/>\n\t<meta property=\"og:image:width\" content=\"1280\" \/>\n\t<meta property=\"og:image:height\" content=\"720\" \/>\n\t<meta property=\"og:image:type\" content=\"image\/jpeg\" \/>\n<meta name=\"twitter:card\" content=\"summary_large_image\" \/>\n<meta name=\"twitter:label1\" content=\"Est. reading time\" \/>\n\t<meta name=\"twitter:data1\" content=\"1 minute\" \/>\n<script type=\"application\/ld+json\" class=\"yoast-schema-graph\">{\"@context\":\"https:\/\/schema.org\",\"@graph\":[{\"@type\":\"WebPage\",\"@id\":\"https:\/\/tractocar.com\/cobertura-nacional\/\",\"url\":\"https:\/\/tractocar.com\/cobertura-nacional\/\",\"name\":\"Cobertura Nacional | Tractocar en 7 Ciudades\",\"isPartOf\":{\"@id\":\"https:\/\/tractocar.com\/#website\"},\"datePublished\":\"2026-04-12T01:06:16+00:00\",\"dateModified\":\"2026-04-12T02:04:27+00:00\",\"description\":\"Tractocar opera en Bogot\u00e1, Medell\u00edn, Cartagena, Barranquilla, Cali y m\u00e1s. Bodegas propias, flota certificada y cobertura de transporte en todo Colombia.\",\"breadcrumb\":{\"@id\":\"https:\/\/tractocar.com\/cobertura-nacional\/#breadcrumb\"},\"inLanguage\":\"en-US\",\"potentialAction\":[{\"@type\":\"ReadAction\",\"target\":[\"https:\/\/tractocar.com\/cobertura-nacional\/\"]}]},{\"@type\":\"BreadcrumbList\",\"@id\":\"https:\/\/tractocar.com\/cobertura-nacional\/#breadcrumb\",\"itemListElement\":[{\"@type\":\"ListItem\",\"position\":1,\"name\":\"Portada\",\"item\":\"https:\/\/tractocar.com\/\"},{\"@type\":\"ListItem\",\"position\":2,\"name\":\"Cobertura Nacional | Tractocar Logistics\"}]},{\"@type\":\"WebSite\",\"@id\":\"https:\/\/tractocar.com\/#website\",\"url\":\"https:\/\/tractocar.com\/\",\"name\":\"Tc Logistix\",\"description\":\"TC Logistix ofrece servicios de almacenamiento en Colombia, centros de distribuci\u00f3n (CEDIS) y log\u00edstica 4PL, optimizando la cadena de suministro de tu empresa.\",\"publisher\":{\"@id\":\"https:\/\/tractocar.com\/#organization\"},\"alternateName\":\"Tractocar\",\"potentialAction\":[{\"@type\":\"SearchAction\",\"target\":{\"@type\":\"EntryPoint\",\"urlTemplate\":\"https:\/\/tractocar.com\/?s={search_term_string}\"},\"query-input\":{\"@type\":\"PropertyValueSpecification\",\"valueRequired\":true,\"valueName\":\"search_term_string\"}}],\"inLanguage\":\"en-US\"},{\"@type\":\"Organization\",\"@id\":\"https:\/\/tractocar.com\/#organization\",\"name\":\"Tc Logistix\",\"alternateName\":\"Tractocar\",\"url\":\"https:\/\/tractocar.com\/\",\"logo\":{\"@type\":\"ImageObject\",\"inLanguage\":\"en-US\",\"@id\":\"https:\/\/tractocar.com\/#\/schema\/logo\/image\/\",\"url\":\"https:\/\/tractocar.com\/wp-content\/uploads\/2025\/10\/TCL_POS_RGB-009.png\",\"contentUrl\":\"https:\/\/tractocar.com\/wp-content\/uploads\/2025\/10\/TCL_POS_RGB-009.png\",\"width\":2241,\"height\":1678,\"caption\":\"Tc Logistix\"},\"image\":{\"@id\":\"https:\/\/tractocar.com\/#\/schema\/logo\/image\/\"},\"sameAs\":[\"https:\/\/www.facebook.com\/TractocarLogistics\",\"https:\/\/www.instagram.com\/tractocarlogistics\/\"]}]}<\/script>\n<!-- \/ Yoast SEO plugin. -->","yoast_head_json":{"title":"Cobertura Nacional | Tractocar en 7 Ciudades","description":"Tractocar opera en Bogot\u00e1, Medell\u00edn, Cartagena, Barranquilla, Cali y m\u00e1s. Bodegas propias, flota certificada y cobertura de transporte en todo Colombia.","robots":{"index":"index","follow":"follow","max-snippet":"max-snippet:-1","max-image-preview":"max-image-preview:large","max-video-preview":"max-video-preview:-1"},"canonical":"https:\/\/tractocar.com\/us\/cobertura-nacional\/","og_locale":"en_US","og_type":"article","og_title":"Cobertura Nacional | TracToCar Logistics en 7 Ciudades","og_description":"TracToCar opera en Bogot\u00e1, Medell\u00edn, Cartagena, Barranquilla, Cali y m\u00e1s. Bodegas propias, flota certificada y cobertura de transporte en todo Colombia.","og_url":"https:\/\/tractocar.com\/us\/cobertura-nacional\/","og_site_name":"Tc Logistix","article_publisher":"https:\/\/www.facebook.com\/TractocarLogistics","article_modified_time":"2026-04-12T02:04:27+00:00","og_image":[{"width":1280,"height":720,"url":"https:\/\/tractocar.com\/wp-content\/uploads\/2026\/04\/tc-logistix-1.jpg","type":"image\/jpeg"}],"twitter_card":"summary_large_image","twitter_misc":{"Est. reading time":"1 minute"},"schema":{"@context":"https:\/\/schema.org","@graph":[{"@type":"WebPage","@id":"https:\/\/tractocar.com\/cobertura-nacional\/","url":"https:\/\/tractocar.com\/cobertura-nacional\/","name":"Cobertura Nacional | Tractocar en 7 Ciudades","isPartOf":{"@id":"https:\/\/tractocar.com\/#website"},"datePublished":"2026-04-12T01:06:16+00:00","dateModified":"2026-04-12T02:04:27+00:00","description":"Tractocar opera en Bogot\u00e1, Medell\u00edn, Cartagena, Barranquilla, Cali y m\u00e1s. Bodegas propias, flota certificada y cobertura de transporte en todo Colombia.","breadcrumb":{"@id":"https:\/\/tractocar.com\/cobertura-nacional\/#breadcrumb"},"inLanguage":"en-US","potentialAction":[{"@type":"ReadAction","target":["https:\/\/tractocar.com\/cobertura-nacional\/"]}]},{"@type":"BreadcrumbList","@id":"https:\/\/tractocar.com\/cobertura-nacional\/#breadcrumb","itemListElement":[{"@type":"ListItem","position":1,"name":"Portada","item":"https:\/\/tractocar.com\/"},{"@type":"ListItem","position":2,"name":"Cobertura Nacional | Tractocar Logistics"}]},{"@type":"WebSite","@id":"https:\/\/tractocar.com\/#website","url":"https:\/\/tractocar.com\/","name":"Tc Logistix","description":"TC Logistix ofrece servicios de almacenamiento en Colombia, centros de distribuci\u00f3n (CEDIS) y log\u00edstica 4PL, optimizando la cadena de suministro de tu empresa.","publisher":{"@id":"https:\/\/tractocar.com\/#organization"},"alternateName":"Tractocar","potentialAction":[{"@type":"SearchAction","target":{"@type":"EntryPoint","urlTemplate":"https:\/\/tractocar.com\/?s={search_term_string}"},"query-input":{"@type":"PropertyValueSpecification","valueRequired":true,"valueName":"search_term_string"}}],"inLanguage":"en-US"},{"@type":"Organization","@id":"https:\/\/tractocar.com\/#organization","name":"Tc Logistix","alternateName":"Tractocar","url":"https:\/\/tractocar.com\/","logo":{"@type":"ImageObject","inLanguage":"en-US","@id":"https:\/\/tractocar.com\/#\/schema\/logo\/image\/","url":"https:\/\/tractocar.com\/wp-content\/uploads\/2025\/10\/TCL_POS_RGB-009.png","contentUrl":"https:\/\/tractocar.com\/wp-content\/uploads\/2025\/10\/TCL_POS_RGB-009.png","width":2241,"height":1678,"caption":"Tc Logistix"},"image":{"@id":"https:\/\/tractocar.com\/#\/schema\/logo\/image\/"},"sameAs":["https:\/\/www.facebook.com\/TractocarLogistics","https:\/\/www.instagram.com\/tractocarlogistics\/"]}]}},"_links":{"self":[{"href":"https:\/\/tractocar.com\/us\/wp-json\/wp\/v2\/pages\/2675","targetHints":{"allow":["GET"]}}],"collection":[{"href":"https:\/\/tractocar.com\/us\/wp-json\/wp\/v2\/pages"}],"about":[{"href":"https:\/\/tractocar.com\/us\/wp-json\/wp\/v2\/types\/page"}],"author":[{"embeddable":true,"href":"https:\/\/tractocar.com\/us\/wp-json\/wp\/v2\/users\/1"}],"replies":[{"embeddable":true,"href":"https:\/\/tractocar.com\/us\/wp-json\/wp\/v2\/comments?post=2675"}],"version-history":[{"count":5,"href":"https:\/\/tractocar.com\/us\/wp-json\/wp\/v2\/pages\/2675\/revisions"}],"predecessor-version":[{"id":2681,"href":"https:\/\/tractocar.com\/us\/wp-json\/wp\/v2\/pages\/2675\/revisions\/2681"}],"wp:attachment":[{"href":"https:\/\/tractocar.com\/us\/wp-json\/wp\/v2\/media?parent=2675"}],"curies":[{"name":"wp","href":"https:\/\/api.w.org\/{rel}","templated":true}]}}